{"id":89,"date":"2017-01-16T16:58:25","date_gmt":"2017-01-16T16:58:25","guid":{"rendered":"http:\/\/webredox.net\/demo\/wp\/cooper\/demo1\/?page_id=89"},"modified":"2026-03-17T17:53:38","modified_gmt":"2026-03-17T16:53:38","slug":"contact","status":"publish","type":"page","link":"https:\/\/riyadelhajjar.com\/en\/contact\/","title":{"rendered":"Contact"},"content":{"rendered":"<div class=\"wpb-content-wrapper\"><div class=\"vc_row wpb_row vc_row-fluid\"><div class=\"wpb_column vc_column_container vc_col-sm-12\"><div class=\"vc_column-inner\"><div class=\"wpb_wrapper\">\n\t\t\n\t\t<div class=\"sec-contact-info \">\n\t\t    <div class=\"row\">\n\t\t\t    <div class=\"col-md-6\">\n\t\t\t\t    <div class=\"contact-info\">\n\t\t\t            \n<h3>Vous pouvez m&#8217;\u00e9crire \u00e0 cette adresse<\/h3>\n<p><a href=\"#\">r.elhajjar@gmail.com<\/a>\t\t\t\t\t\n                    <\/div>\n                 <\/div>\n            <\/div>\n        <\/div>\n        \n\t\t\t\t\n\t\t\n\t\t<div class=\"sec-contact-info \">\n\t\t    <div class=\"row\">\n\t\t\t    <div class=\"col-md-6\">\n\t\t\t\t    <div class=\"contact-info\">\n\t\t\t            \n<h3>Mon num\u00e9ro mobile<\/h3>\n<p><a href=\"#\">+1 (343) 987 3799<\/a>\t\t\t\t\t\n                    <\/div>\n                 <\/div>\n            <\/div>\n        <\/div>\n        \n\t\t\t\t\n\t\t\n\t\t<div class=\"sec-contact-info \">\n\t\t    <div class=\"row\">\n\t\t\t    <div class=\"col-md-6\">\n\t\t\t\t    <div class=\"contact-info\">\n\t\t\t            \n<h3>Ma localisation<\/h3>\n<p>Ottawa &#8211; Ontario, Canada\t\t\t\t\t\n                    <\/div>\n                 <\/div>\n            <\/div>\n        <\/div>\n        \n\t\t\t\t<div class=\"sec-social-icon row \"><div class=\"col-md-6\"><div class=\"contact-social\"><ul><li><a href=\"https:\/\/www.linkedin.com\/in\/riyadelhajjar\/\" target=\"_blank\"><i class=\"fa fa-linkedin\" rel=\"noopener noreferrer\"><\/i><\/a><\/li><\/ul><\/div><\/div><\/div><\/div><\/div><div class=\"vc_row wpb_row vc_row-fluid\"><div class=\"wpb_column vc_column_container vc_col-sm-6\"><div class=\"vc_column-inner\"><div class=\"wpb_wrapper\"><div class=\"map-container map-section map-box box-map\">\n\t\t\t\t\t  <div id=\"map-single\" class=\"map\" data-latlog=\"[45.2501659, -76.1298909]\" data-popuptext=\"Ottawa, ON Canada\"  data-popupicon=\"https:\/\/riyadelhajjar.com\/wp-content\/uploads\/2017\/01\/mapmarker.png\"><\/div>\t\n\t\t\t\t<\/div><\/div><\/div><\/div><div class=\"wpb_column vc_column_container vc_col-sm-6\"><div class=\"vc_column-inner\"><div class=\"wpb_wrapper\">\n                <h4 class=\"bold-title\">Me contacter<\/h4>\n\t\t\t\t<div class=\"fl-wrap\">\n\t\t\t\t\t<div id=\"contact-form\" class=\"\"><div id=\"message\"><\/div>\n\t\t\t\t\t\t\n<div class=\"wpcf7 no-js\" id=\"wpcf7-f226-o1\" lang=\"en-US\" dir=\"ltr\" data-wpcf7-id=\"226\">\n<div class=\"screen-reader-response\"><p role=\"status\" aria-live=\"polite\" aria-atomic=\"true\"><\/p> <ul><\/ul><\/div>\n<form action=\"\/en\/wp-json\/wp\/v2\/pages\/89#wpcf7-f226-o1\" method=\"post\" class=\"wpcf7-form init\" aria-label=\"Contact form\" novalidate=\"novalidate\" data-status=\"init\">\n<fieldset class=\"hidden-fields-container\"><input type=\"hidden\" name=\"_wpcf7\" value=\"226\" \/><input type=\"hidden\" name=\"_wpcf7_version\" value=\"6.1.5\" \/><input type=\"hidden\" name=\"_wpcf7_locale\" value=\"en_US\" \/><input type=\"hidden\" name=\"_wpcf7_unit_tag\" value=\"wpcf7-f226-o1\" \/><input type=\"hidden\" name=\"_wpcf7_container_post\" value=\"0\" \/><input type=\"hidden\" name=\"_wpcf7_posted_data_hash\" value=\"\" \/>\n<\/fieldset>\n<div class=\"input-wrap\">\n\t<p><i class=\"fa fa-user-plus\" aria-hidden=\"true\"><\/i><span class=\"wpcf7-form-control-wrap\" data-name=\"your-name\"><input size=\"40\" maxlength=\"400\" class=\"wpcf7-form-control wpcf7-text wpcf7-validates-as-required\" aria-required=\"true\" aria-invalid=\"false\" placeholder=\"Nom Complet\" value=\"\" type=\"text\" name=\"your-name\" \/><\/span>\n\t<\/p>\n<\/div>\n<div class=\"input-wrap\">\n\t<p><i class=\"fa fa-envelope\" aria-hidden=\"true\"><\/i><span class=\"wpcf7-form-control-wrap\" data-name=\"your-email\"><input size=\"40\" maxlength=\"400\" class=\"wpcf7-form-control wpcf7-email wpcf7-validates-as-required wpcf7-text wpcf7-validates-as-email\" aria-required=\"true\" aria-invalid=\"false\" placeholder=\"E-mail\" value=\"\" type=\"email\" name=\"your-email\" \/><\/span>\n\t<\/p>\n<\/div>\n<p><span class=\"wpcf7-form-control-wrap\" data-name=\"your-message\"><textarea cols=\"40\" rows=\"10\" maxlength=\"2000\" class=\"wpcf7-form-control wpcf7-textarea wpcf7-validates-as-required\" aria-required=\"true\" aria-invalid=\"false\" placeholder=\"Message\" name=\"your-message\"><\/textarea><\/span>\n<\/p>\n<p><input class=\"wpcf7-form-control wpcf7-submit has-spinner\" type=\"submit\" value=\"Envoyer\" \/>\n<\/p><div class=\"wpcf7-response-output\" aria-hidden=\"true\"><\/div>\n<\/form>\n<\/div>\n\n\t\t\t\t\t<\/div>\n                <\/div>\n\t\t\t<\/div><\/div><\/div><\/div>\n<\/div>","protected":false},"excerpt":{"rendered":"Vous pouvez m'\u00e9crire \u00e0 cette adresse r.elhajjar@gmail.com Mon num\u00e9ro mobile +1 (343) 987 3799 Ma localisation Ottawa - Ontario, Canada Me contacter","protected":false},"author":1,"featured_media":91,"parent":0,"menu_order":0,"comment_status":"closed","ping_status":"closed","template":"","meta":{"footnotes":"","_links_to":"","_links_to_target":""},"class_list":["post-89","page","type-page","status-publish","has-post-thumbnail","hentry"],"_links":{"self":[{"href":"https:\/\/riyadelhajjar.com\/en\/wp-json\/wp\/v2\/pages\/89","targetHints":{"allow":["GET"]}}],"collection":[{"href":"https:\/\/riyadelhajjar.com\/en\/wp-json\/wp\/v2\/pages"}],"about":[{"href":"https:\/\/riyadelhajjar.com\/en\/wp-json\/wp\/v2\/types\/page"}],"author":[{"embeddable":true,"href":"https:\/\/riyadelhajjar.com\/en\/wp-json\/wp\/v2\/users\/1"}],"replies":[{"embeddable":true,"href":"https:\/\/riyadelhajjar.com\/en\/wp-json\/wp\/v2\/comments?post=89"}],"version-history":[{"count":17,"href":"https:\/\/riyadelhajjar.com\/en\/wp-json\/wp\/v2\/pages\/89\/revisions"}],"predecessor-version":[{"id":737,"href":"https:\/\/riyadelhajjar.com\/en\/wp-json\/wp\/v2\/pages\/89\/revisions\/737"}],"wp:featuredmedia":[{"embeddable":true,"href":"https:\/\/riyadelhajjar.com\/en\/wp-json\/wp\/v2\/media\/91"}],"wp:attachment":[{"href":"https:\/\/riyadelhajjar.com\/en\/wp-json\/wp\/v2\/media?parent=89"}],"curies":[{"name":"wp","href":"https:\/\/api.w.org\/{rel}","templated":true}]}}